{"id":1611,"date":"2026-04-03T10:46:30","date_gmt":"2026-04-03T05:46:30","guid":{"rendered":"https:\/\/danaestrella.kz\/product\/mechanical-bed-k3k\/"},"modified":"2026-04-23T20:22:19","modified_gmt":"2026-04-23T15:22:19","slug":"mechanical-bed-k3k","status":"publish","type":"product","link":"https:\/\/danaestrella.kz\/en\/product\/mechanical-bed-k3k\/","title":{"rendered":"MECHANICAL BED (K3K)"},"content":{"rendered":"<div class=\"wpb-content-wrapper\"><p>[vc_row][vc_column][vc_column_text css=&#8221;&#8221; woodmart_inline=&#8221;no&#8221; text_larger=&#8221;no&#8221;]<\/p>\n<ul>\n<li>Manual adjustment mechanisms: 3 pieces<\/li>\n<li>5\u201d coated swivel wheels: 4 pieces<\/li>\n<li>Folding side fences (6 columns): 1 set<\/li>\n<li>PP plastic headboard and footboard with locking and built-in \u00d860 mm wall buffer: 1 set<\/li>\n<li>Stainless steel tripod with 4 plastic hooks: 1 piece<\/li>\n<li>Attachments for the infusion stand: 4 pieces<\/li>\n<li>Drainage hooks: 2 pieces<\/li>\n<li>\u00d865 mm bumpers: 4 pieces<\/li>\n<li>Tripod with 4 hooks: 1 piece<\/li>\n<li>Attachments for the infusion stand: 4 pieces<\/li>\n<li>Drainage hooks: 2 pieces<\/li>\n<\/ul>\n<p>[\/vc_column_text][\/vc_column][\/vc_row]<\/p>\n<\/div>","protected":false},"excerpt":{"rendered":"<ul>\n<li>External dimensions (L\u00d7W\u00d7H): 2160\u00d7980\u00d7400\u2013710 mm \u00b110 mm<\/li>\n<li>Mattress platform size: 1930\u00d7830 mm \u00b110 mm<\/li>\n<li>Back section adjustment: 85\u00b0 \u00b110\u00b0<\/li>\n<li>Foot section adjustment: 45\u00b0 \u00b110\u00b0<\/li>\n<li>Height adjustment: 400\u2013710 mm \u00b110 mm<\/li>\n<\/ul>\n","protected":false},"featured_media":890,"template":"","meta":{"rs_blank_template":"","rs_page_bg_color":"","slide_template_v7":""},"product_brand":[],"product_cat":[142],"product_tag":[],"class_list":{"0":"post-1611","1":"product","2":"type-product","3":"status-publish","4":"has-post-thumbnail","6":"product_cat-furniture-and-equipment","8":"first","9":"instock","10":"shipping-taxable","11":"product-type-simple"},"_links":{"self":[{"href":"https:\/\/danaestrella.kz\/en\/wp-json\/wp\/v2\/product\/1611","targetHints":{"allow":["GET"]}}],"collection":[{"href":"https:\/\/danaestrella.kz\/en\/wp-json\/wp\/v2\/product"}],"about":[{"href":"https:\/\/danaestrella.kz\/en\/wp-json\/wp\/v2\/types\/product"}],"wp:featuredmedia":[{"embeddable":true,"href":"https:\/\/danaestrella.kz\/en\/wp-json\/wp\/v2\/media\/890"}],"wp:attachment":[{"href":"https:\/\/danaestrella.kz\/en\/wp-json\/wp\/v2\/media?parent=1611"}],"wp:term":[{"taxonomy":"product_brand","embeddable":true,"href":"https:\/\/danaestrella.kz\/en\/wp-json\/wp\/v2\/product_brand?post=1611"},{"taxonomy":"product_cat","embeddable":true,"href":"https:\/\/danaestrella.kz\/en\/wp-json\/wp\/v2\/product_cat?post=1611"},{"taxonomy":"product_tag","embeddable":true,"href":"https:\/\/danaestrella.kz\/en\/wp-json\/wp\/v2\/product_tag?post=1611"}],"curies":[{"name":"wp","href":"https:\/\/api.w.org\/{rel}","templated":true}]}}