{"id":1617,"date":"2026-04-03T10:55:11","date_gmt":"2026-04-03T05:55:11","guid":{"rendered":"https:\/\/danaestrella.kz\/product\/electric-bed-with-3-motors-v6v\/"},"modified":"2026-04-23T20:24:50","modified_gmt":"2026-04-23T15:24:50","slug":"electric-bed-with-3-motors-v6v","status":"publish","type":"product","link":"https:\/\/danaestrella.kz\/en\/product\/electric-bed-with-3-motors-v6v\/","title":{"rendered":"ELECTRIC BED WITH 3 MOTORS (V6V)"},"content":{"rendered":"<div class=\"wpb-content-wrapper\"><p>[vc_row][vc_column][vc_column_text css=&#8221;&#8221; woodmart_inline=&#8221;no&#8221; text_larger=&#8221;no&#8221;]<\/p>\n<ul>\n<li>Linear electric motors: 3 pieces<\/li>\n<li>Control panel: 1 pc.<\/li>\n<li>5\u201d rigid swivel wheels: 4 pieces<\/li>\n<li>PP side guards (increased height): 1 set<\/li>\n<li>PP headboard and footboard with locking system: 1 set<\/li>\n<li>\u00d865 mm bumpers: 4 pieces<\/li>\n<li>Tripod with 4 hooks: 1 piece<\/li>\n<li>Attachments for the infusion stand: 4 pieces<\/li>\n<li>Drainage hooks: 2 pieces<\/li>\n<\/ul>\n<p>[\/vc_column_text][\/vc_column][\/vc_row]<\/p>\n<\/div>","protected":false},"excerpt":{"rendered":"<ul>\n<li>External dimensions (L\u00d7W\u00d7H): 2085\u00d71025\u00d7430\u2013740 mm \u00b110 mm<\/li>\n<li>Mattress platform size: 1925\u00d7900 mm \u00b110 mm<\/li>\n<li>Back section adjustment: 75\u00b0 \u00b110\u00b0<\/li>\n<li>Foot section adjustment: 46\u00b0 \u00b110\u00b0<\/li>\n<\/ul>\n","protected":false},"featured_media":897,"template":"","meta":{"rs_blank_template":"","rs_page_bg_color":"","slide_template_v7":""},"product_brand":[],"product_cat":[142],"product_tag":[],"class_list":{"0":"post-1617","1":"product","2":"type-product","3":"status-publish","4":"has-post-thumbnail","6":"product_cat-furniture-and-equipment","8":"first","9":"instock","10":"shipping-taxable","11":"product-type-simple"},"_links":{"self":[{"href":"https:\/\/danaestrella.kz\/en\/wp-json\/wp\/v2\/product\/1617","targetHints":{"allow":["GET"]}}],"collection":[{"href":"https:\/\/danaestrella.kz\/en\/wp-json\/wp\/v2\/product"}],"about":[{"href":"https:\/\/danaestrella.kz\/en\/wp-json\/wp\/v2\/types\/product"}],"wp:featuredmedia":[{"embeddable":true,"href":"https:\/\/danaestrella.kz\/en\/wp-json\/wp\/v2\/media\/897"}],"wp:attachment":[{"href":"https:\/\/danaestrella.kz\/en\/wp-json\/wp\/v2\/media?parent=1617"}],"wp:term":[{"taxonomy":"product_brand","embeddable":true,"href":"https:\/\/danaestrella.kz\/en\/wp-json\/wp\/v2\/product_brand?post=1617"},{"taxonomy":"product_cat","embeddable":true,"href":"https:\/\/danaestrella.kz\/en\/wp-json\/wp\/v2\/product_cat?post=1617"},{"taxonomy":"product_tag","embeddable":true,"href":"https:\/\/danaestrella.kz\/en\/wp-json\/wp\/v2\/product_tag?post=1617"}],"curies":[{"name":"wp","href":"https:\/\/api.w.org\/{rel}","templated":true}]}}