{"id":1620,"date":"2026-04-03T10:57:51","date_gmt":"2026-04-03T05:57:51","guid":{"rendered":"https:\/\/danaestrella.kz\/product\/electric-bed-with-4-motors-d8d8y-cpr\/"},"modified":"2026-04-23T20:25:34","modified_gmt":"2026-04-23T15:25:34","slug":"electric-bed-with-4-motors-d8d8y-cpr","status":"publish","type":"product","link":"https:\/\/danaestrella.kz\/en\/product\/electric-bed-with-4-motors-d8d8y-cpr\/","title":{"rendered":"ELECTRIC BED WITH 4 MOTORS (D8D8Y-CPR)"},"content":{"rendered":"<div class=\"wpb-content-wrapper\"><p>[vc_row][vc_column][vc_column_text css=&#8221;&#8221; woodmart_inline=&#8221;no&#8221; text_larger=&#8221;no&#8221;]<\/p>\n<ul>\n<li>LINAK electric motors: 4 pieces<\/li>\n<li>Double swivel wheels with central locking: 5\u201d, 4 pieces<\/li>\n<li>PP plastic side guards with angle indicator: 1 set<\/li>\n<li>PP plastic headboard and footboard with lock: 1 set<\/li>\n<li>Integrated control panel with 3.5\u201d LCD screen: 1 piece<\/li>\n<li>Socket for a trapeze (triangular handle): 2 pieces<\/li>\n<li>Stainless steel tripod with 4 plastic hooks: 1 piece<\/li>\n<li>Attachments for the infusion stand: 4 pieces<\/li>\n<li>Protective rollers (bumpers) \u00d885 mm: 4 pieces<\/li>\n<li>Hooks for the drainage system: 2 pieces<\/li>\n<li>Manual CPR mechanism (resuscitation reset)<\/li>\n<li>Emergency stop button<\/li>\n<li>Central locking of the wheels<\/li>\n<li>Emergency Battery (Back-up Battery)<\/li>\n<\/ul>\n<p>[\/vc_column_text][\/vc_column][\/vc_row]<\/p>\n<\/div>","protected":false},"excerpt":{"rendered":"<ul>\n<li>External dimensions (L\u00d7W\u00d7H): 2280\u00d71090\u00d7435\u2013725 mm \u00b110 mm<\/li>\n<li>Mattress platform size (L*W): 1920\u00d7900 \u00b110 mm<\/li>\n<li>Back section lifting angle: 75\u00b0 \u00b110\u00b0<\/li>\n<li>Foot section lifting angle: 35\u00b0 \u00b110\u00b0<\/li>\n<li>Bed height adjustment: 435\u2013725 mm \u00b110 mm<\/li>\n<li>Reverse Trendelenburg: 12\u00b0 \u00b12\u00b0<\/li>\n<li>Trendelenburg: 12\u00b0 \u00b12\u00b0<\/li>\n<\/ul>\n","protected":false},"featured_media":901,"template":"","meta":{"rs_blank_template":"","rs_page_bg_color":"","slide_template_v7":""},"product_brand":[],"product_cat":[142],"product_tag":[],"class_list":{"0":"post-1620","1":"product","2":"type-product","3":"status-publish","4":"has-post-thumbnail","6":"product_cat-furniture-and-equipment","8":"first","9":"instock","10":"shipping-taxable","11":"product-type-simple"},"_links":{"self":[{"href":"https:\/\/danaestrella.kz\/en\/wp-json\/wp\/v2\/product\/1620","targetHints":{"allow":["GET"]}}],"collection":[{"href":"https:\/\/danaestrella.kz\/en\/wp-json\/wp\/v2\/product"}],"about":[{"href":"https:\/\/danaestrella.kz\/en\/wp-json\/wp\/v2\/types\/product"}],"wp:featuredmedia":[{"embeddable":true,"href":"https:\/\/danaestrella.kz\/en\/wp-json\/wp\/v2\/media\/901"}],"wp:attachment":[{"href":"https:\/\/danaestrella.kz\/en\/wp-json\/wp\/v2\/media?parent=1620"}],"wp:term":[{"taxonomy":"product_brand","embeddable":true,"href":"https:\/\/danaestrella.kz\/en\/wp-json\/wp\/v2\/product_brand?post=1620"},{"taxonomy":"product_cat","embeddable":true,"href":"https:\/\/danaestrella.kz\/en\/wp-json\/wp\/v2\/product_cat?post=1620"},{"taxonomy":"product_tag","embeddable":true,"href":"https:\/\/danaestrella.kz\/en\/wp-json\/wp\/v2\/product_tag?post=1620"}],"curies":[{"name":"wp","href":"https:\/\/api.w.org\/{rel}","templated":true}]}}